{"id":48,"date":"2025-08-15T16:07:29","date_gmt":"2025-08-15T14:07:29","guid":{"rendered":"http:\/\/www.meeple-soissonnais.fr\/a-propos\/"},"modified":"2025-08-16T16:53:12","modified_gmt":"2025-08-16T14:53:12","slug":"a-propos","status":"publish","type":"page","link":"https:\/\/www.meeple-soissonnais.fr\/?page_id=48","title":{"rendered":"\u00c0 Propos"},"content":{"rendered":"\t\t<div data-elementor-type=\"wp-page\" data-elementor-id=\"48\" class=\"elementor elementor-48\" data-elementor-post-type=\"page\">\n\t\t\t\t<div class=\"elementor-element elementor-element-cd56600 e-flex e-con-boxed e-con e-parent\" data-id=\"cd56600\" data-element_type=\"container\">\n\t\t\t\t\t<div class=\"e-con-inner\">\n\t\t\t\t<div class=\"elementor-element elementor-element-ef0ab1d elementor-widget elementor-widget-heading\" data-id=\"ef0ab1d\" data-element_type=\"widget\" data-widget_type=\"heading.default\">\n\t\t\t\t\t<h2 class=\"elementor-heading-title elementor-size-default\">Le Meeple Soissonnais<\/h2>\t\t\t\t<\/div>\n\t\t\t\t<div class=\"elementor-element elementor-element-e1743fd elementor-widget elementor-widget-text-editor\" data-id=\"e1743fd\" data-element_type=\"widget\" data-widget_type=\"text-editor.default\">\n\t\t\t\t\t\t\t\t\t<div class=\"elementor-element elementor-element-0e9019a elementor-widget elementor-widget-text-editor\" data-id=\"0e9019a\" data-element_type=\"widget\" data-widget_type=\"text-editor.default\">\n\t\t\t\t\t\t\t\t\t<p><strong>Le Meeple Soissonnais : L\u2019association des passionn\u00e9s de jeux de soci\u00e9t\u00e9 \u00e0 Soissons<\/strong>.<\/p>\n<p>Vous aimez les jeux de soci\u00e9t\u00e9, les moments de convivialit\u00e9 et la d\u00e9couverte de nouveaux univers ludiques ? <strong data-start=\"269\" data-end=\"294\">Le Meeple Soissonnais<\/strong> est fait pour vous !<\/p>\n<p>Notre association, forte de <strong data-start=\"347\" data-end=\"369\">plus de 80 membres<\/strong>\n de tous \u00e2ges, r\u00e9unit des passionn\u00e9s de jeux de plateau, de cartes, de \nstrat\u00e9gie, d\u2019ambiance ou de jeux de r\u00f4le. Que vous soyez joueur d\u00e9butant\n ou expert, enfant, adolescent ou adulte, chacun trouve sa place dans \nnotre communaut\u00e9 chaleureuse et accueillante.<\/p>\n<p>&nbsp;<\/p>\n<p><strong data-start=\"617\" data-end=\"645\">Nos rendez-vous ludiques<\/strong> :<\/p>\n<ul data-start=\"650\" data-end=\"739\"><li class=\"\" data-start=\"650\" data-end=\"689\">\n<p class=\"\" data-start=\"652\" data-end=\"689\"><strong data-start=\"652\" data-end=\"687\">Tous les vendredis soir \u00e0 20h30<\/strong><\/p>\n<\/li><li class=\"\" data-start=\"690\" data-end=\"739\">\n<p class=\"\" data-start=\"692\" data-end=\"739\"><strong data-start=\"692\" data-end=\"737\">Les samedis apr\u00e8s-midi \u00e0 14h00 (en semaine paire)<\/strong><\/p>\n<\/li><\/ul>\n<p data-start=\"741\" data-end=\"844\">&nbsp;<\/p>\n<p class=\"\" data-start=\"741\" data-end=\"844\"><strong data-start=\"744\" data-end=\"754\">Lieu :<\/strong> B\u00e2timent associatif de l\u2019\u00e9cole Ramon, <strong data-start=\"793\" data-end=\"842\">20 Bis Bd du Mar\u00e9chal Lyautey, 02200 Soissons<\/strong><\/p>\n<p class=\"\" data-start=\"846\" data-end=\"1086\">Nous vous proposons un large choix de jeux pour tous les go\u00fbts : des classiques incontournables aux derni\u00e8res nouveaut\u00e9s.<\/p>\n<p class=\"\" data-start=\"846\" data-end=\"1086\">L\u2019objectif ? Passer un bon moment, rencontrer d\u2019autres passionn\u00e9s et partager le plaisir du jeu !<\/p>\n<p><strong><br>Une association avec des objectifs :<\/strong><\/p>\n<p>Depuis 2024, le Meeple Soissonnais organise le <a href=\"https:\/\/soissonsgamefest.fr\" target=\"_blank\" rel=\"noopener\">Soissons Game Fest<\/a>, le 1er festival des activit\u00e9s ludique \u00e0 Soissons (02)<\/p>\t\t\t\t\t\t\t\t<\/div>\t\t\t\t\t\t\t\t<\/div>\n\t\t\t\t\t<\/div>\n\t\t\t\t<\/div>\n\t\t<div class=\"elementor-element elementor-element-c24103f e-flex e-con-boxed e-con e-parent\" data-id=\"c24103f\" data-element_type=\"container\">\n\t\t\t\t\t<div class=\"e-con-inner\">\n\t\t\t\t<div class=\"elementor-element elementor-element-9f0f8fd elementor-widget elementor-widget-google_maps\" data-id=\"9f0f8fd\" data-element_type=\"widget\" data-widget_type=\"google_maps.default\">\n\t\t\t\t\t\t\t<div class=\"elementor-custom-embed\">\n\t\t\t<iframe loading=\"lazy\"\n\t\t\t\t\tsrc=\"https:\/\/maps.google.com\/maps?q=20%20boulevard%20du%20Marechal%20Lyautey%20%E2%80%93%20%2002200%20Soissons&#038;t=m&#038;z=14&#038;output=embed&#038;iwloc=near\"\n\t\t\t\t\ttitle=\"20 boulevard du Marechal Lyautey \u2013  02200 Soissons\"\n\t\t\t\t\taria-label=\"20 boulevard du Marechal Lyautey \u2013  02200 Soissons\"\n\t\t\t><\/iframe>\n\t\t<\/div>\n\t\t\t\t\t\t<\/div>\n\t\t\t\t\t<\/div>\n\t\t\t\t<\/div>\n\t\t\t\t<\/div>\n\t\t","protected":false},"excerpt":{"rendered":"<p>Le Meeple Soissonnais Le Meeple Soissonnais : L\u2019association des passionn\u00e9s de jeux de soci\u00e9t\u00e9 \u00e0 Soissons. Vous aimez les jeux de soci\u00e9t\u00e9, les moments de convivialit\u00e9 et la d\u00e9couverte de [&hellip;]<\/p>\n","protected":false},"author":1,"featured_media":0,"parent":0,"menu_order":0,"comment_status":"closed","ping_status":"closed","template":"full-width","meta":{"saved_in_kubio":true,"footnotes":""},"class_list":["post-48","page","type-page","status-publish","hentry"],"aioseo_notices":[],"kubio_ai_page_context":{"short_desc":"","purpose":"general"},"_links":{"self":[{"href":"https:\/\/www.meeple-soissonnais.fr\/index.php?rest_route=\/wp\/v2\/pages\/48","targetHints":{"allow":["GET"]}}],"collection":[{"href":"https:\/\/www.meeple-soissonnais.fr\/index.php?rest_route=\/wp\/v2\/pages"}],"about":[{"href":"https:\/\/www.meeple-soissonnais.fr\/index.php?rest_route=\/wp\/v2\/types\/page"}],"author":[{"embeddable":true,"href":"https:\/\/www.meeple-soissonnais.fr\/index.php?rest_route=\/wp\/v2\/users\/1"}],"replies":[{"embeddable":true,"href":"https:\/\/www.meeple-soissonnais.fr\/index.php?rest_route=%2Fwp%2Fv2%2Fcomments&post=48"}],"version-history":[{"count":3,"href":"https:\/\/www.meeple-soissonnais.fr\/index.php?rest_route=\/wp\/v2\/pages\/48\/revisions"}],"predecessor-version":[{"id":137,"href":"https:\/\/www.meeple-soissonnais.fr\/index.php?rest_route=\/wp\/v2\/pages\/48\/revisions\/137"}],"wp:attachment":[{"href":"https:\/\/www.meeple-soissonnais.fr\/index.php?rest_route=%2Fwp%2Fv2%2Fmedia&parent=48"}],"curies":[{"name":"wp","href":"https:\/\/api.w.org\/{rel}","templated":true}]}}